{"id":6,"date":"2022-11-07T13:47:59","date_gmt":"2022-11-07T13:47:59","guid":{"rendered":"https:\/\/kadence.pixel-show.com\/influencer\/?page_id=6"},"modified":"2025-11-11T11:30:06","modified_gmt":"2025-11-11T10:30:06","slug":"home","status":"publish","type":"page","link":"https:\/\/www.sergiojuan.es\/","title":{"rendered":"Inicio"},"content":{"rendered":"<style>.kb-row-layout-id6_e40c8d-8b > .kt-row-column-wrap{align-content:start;}:where(.kb-row-layout-id6_e40c8d-8b > .kt-row-column-wrap) > .wp-block-kadence-column{justify-content:start;}.kb-row-layout-id6_e40c8d-8b > .kt-row-column-wrap{column-gap:var(--global-kb-gap-md, 2rem);row-gap:var(--global-kb-gap-md, 2rem);max-width:var( --global-content-width, 1290px );padding-left:var(--global-content-edge-padding);padding-right:var(--global-content-edge-padding);padding-top:0px;padding-right:20px;padding-bottom:0px;padding-left:20px;grid-template-columns:minmax(0, calc(10% - ((var(--global-kb-gap-md, 2rem) * 1 )\/2)))minmax(0, calc(90% - ((var(--global-kb-gap-md, 2rem) * 1 )\/2)));}.kb-row-layout-id6_e40c8d-8b > .kt-row-layout-overlay{opacity:0.42;background-color:var(--global-palette9, #ffffff);}@media all and (max-width: 1024px){.kb-row-layout-id6_e40c8d-8b > .kt-row-column-wrap{padding-top:80px;padding-right:150px;padding-left:150px;grid-template-columns:minmax(0, 1fr);}}@media all and (max-width: 767px){.kb-row-layout-wrap.wp-block-kadence-rowlayout.kb-row-layout-id6_e40c8d-8b{margin-top:0px;}.kb-row-layout-id6_e40c8d-8b > .kt-row-column-wrap{padding-top:0px;padding-right:30px;padding-left:30px;grid-template-columns:minmax(0, 1fr);}}<\/style><div class=\"kb-row-layout-wrap kb-row-layout-id6_e40c8d-8b alignnone has-theme-palette7-background-color kt-row-has-bg wp-block-kadence-rowlayout\" id=\"sobre-mi\"><div class=\"kt-row-layout-overlay kt-row-overlay-normal\"><\/div><div class=\"kt-row-column-wrap kt-has-2-columns kt-row-layout-equal kt-tab-layout-row kt-mobile-layout-row kt-row-valign-top kb-theme-content-width\">\n<style>.kadence-column6_c493ee-91 > .kt-inside-inner-col,.kadence-column6_c493ee-91 > .kt-inside-inner-col:before{border-top-left-radius:0px;border-top-right-radius:0px;border-bottom-right-radius:0px;border-bottom-left-radius:0px;}.kadence-column6_c493ee-91 > .kt-inside-inner-col{column-gap:var(--global-kb-gap-sm, 1rem);}.kadence-column6_c493ee-91 > .kt-inside-inner-col{flex-direction:column;}.kadence-column6_c493ee-91 > .kt-inside-inner-col > .aligncenter{width:100%;}.kadence-column6_c493ee-91 > .kt-inside-inner-col:before{opacity:0.3;}.kadence-column6_c493ee-91{position:relative;}.kadence-column6_c493ee-91, .kt-inside-inner-col > .kadence-column6_c493ee-91:not(.specificity){margin-bottom:-140px;margin-left:80px;}@media all and (max-width: 1024px){.kadence-column6_c493ee-91 > .kt-inside-inner-col{flex-direction:column;justify-content:center;}}@media all and (max-width: 1024px){.kadence-column6_c493ee-91, .kt-inside-inner-col > .kadence-column6_c493ee-91:not(.specificity){margin-top:0px;margin-right:0px;margin-left:0px;}}@media all and (max-width: 767px){.kadence-column6_c493ee-91 > .kt-inside-inner-col{padding-right:0px;padding-left:0px;flex-direction:column;justify-content:center;}.kadence-column6_c493ee-91, .kt-inside-inner-col > .kadence-column6_c493ee-91:not(.specificity){margin-top:30px;margin-right:0px;margin-bottom:-150px;margin-left:0px;}}<\/style>\n<div class=\"wp-block-kadence-column kadence-column6_c493ee-91 inner-column-2\"><div class=\"kt-inside-inner-col\">\n<p><\/p>\n<\/div><\/div>\n\n\n<style>.kadence-column6_519208-81 > .kt-inside-inner-col{display:flex;}.kadence-column6_519208-81 > .kt-inside-inner-col,.kadence-column6_519208-81 > .kt-inside-inner-col:before{border-top-left-radius:0px;border-top-right-radius:0px;border-bottom-right-radius:0px;border-bottom-left-radius:0px;}.kadence-column6_519208-81 > .kt-inside-inner-col{row-gap:40px;column-gap:var(--global-kb-gap-sm, 1rem);}.kadence-column6_519208-81 > .kt-inside-inner-col{flex-direction:column;justify-content:flex-end;}.kadence-column6_519208-81 > .kt-inside-inner-col > .aligncenter{width:100%;}.kt-row-column-wrap > .kadence-column6_519208-81{align-self:flex-end;}.kt-inner-column-height-full:not(.kt-has-1-columns) > .wp-block-kadence-column.kadence-column6_519208-81{align-self:auto;}.kt-inner-column-height-full:not(.kt-has-1-columns) > .wp-block-kadence-column.kadence-column6_519208-81 > .kt-inside-inner-col{flex-direction:column;justify-content:flex-end;}.kadence-column6_519208-81 > .kt-inside-inner-col{background-color:var(--global-palette8, #F7FAFC);}.kadence-column6_519208-81 > .kt-inside-inner-col:before{opacity:0.3;}.kadence-column6_519208-81{position:relative;}.kadence-column6_519208-81, .kt-inside-inner-col > .kadence-column6_519208-81:not(.specificity){margin-top:30px;margin-right:20px;margin-left:20px;}@media all and (max-width: 1024px){.kt-row-column-wrap > .kadence-column6_519208-81{align-self:flex-end;}}@media all and (max-width: 1024px){.kt-inner-column-height-full:not(.kt-has-1-columns) > .wp-block-kadence-column.kadence-column6_519208-81{align-self:auto;}}@media all and (max-width: 1024px){.kt-inner-column-height-full:not(.kt-has-1-columns) > .wp-block-kadence-column.kadence-column6_519208-81 > .kt-inside-inner-col{flex-direction:column;justify-content:flex-end;}}@media all and (max-width: 1024px){.kadence-column6_519208-81 > .kt-inside-inner-col{flex-direction:column;justify-content:flex-end;}}@media all and (max-width: 1024px){.kadence-column6_519208-81, .kt-inside-inner-col > .kadence-column6_519208-81:not(.specificity){margin-top:0px;margin-right:0px;margin-bottom:0px;margin-left:0px;}}@media all and (max-width: 767px){.kt-row-column-wrap > .kadence-column6_519208-81{align-self:flex-end;}.kt-inner-column-height-full:not(.kt-has-1-columns) > .wp-block-kadence-column.kadence-column6_519208-81{align-self:auto;}.kt-inner-column-height-full:not(.kt-has-1-columns) > .wp-block-kadence-column.kadence-column6_519208-81 > .kt-inside-inner-col{flex-direction:column;justify-content:flex-end;}.kadence-column6_519208-81 > .kt-inside-inner-col{flex-direction:column;justify-content:flex-end;}.kadence-column6_519208-81, .kt-inside-inner-col > .kadence-column6_519208-81:not(.specificity){margin-top:-35px;margin-right:0px;margin-left:0px;}}<\/style>\n<div class=\"wp-block-kadence-column kadence-column6_519208-81 inner-column-1\"><div class=\"kt-inside-inner-col\">\n<div class=\"wp-block-columns is-layout-flex wp-container-core-columns-is-layout-9d6595d7 wp-block-columns-is-layout-flex\">\n<div class=\"wp-block-column is-layout-flow wp-block-column-is-layout-flow\" style=\"flex-basis:66.66%\">\n<h1 class=\"wp-block-heading\" style=\"margin-top:var(--wp--preset--spacing--60);margin-bottom:var(--wp--preset--spacing--60)\">Formador en <strong>Inteligencia Artificial, Soft Skills y RRHH<\/strong> en Zaragoza y Espa\u00f1a.<\/h1>\n\n\n\n<h2 class=\"wp-block-heading alignwide\" id=\"we-re-a-studio-in-berlin-with-an-international-practice-in-architecture-urban-planning-and-interior-design-we-believe-in-sharing-knowledge-and-promoting-dialogue-to-increase-the-creative-potential-of-collaboration\" style=\"margin-top:-15px;margin-bottom:-15px;font-size:25px;line-height:1.1\"><strong>Consultor y coach<\/strong> profesional para empresas, equipos y personas que buscan avanzar uniendo tecnolog\u00eda, talento y prop\u00f3sito.<\/h2>\n<\/div>\n\n\n\n<div class=\"wp-block-column is-layout-flow wp-block-column-is-layout-flow\" style=\"flex-basis:33.33%\"><div class=\"wp-block-image\">\n<figure class=\"aligncenter size-full has-custom-border\"><img loading=\"lazy\" decoding=\"async\" width=\"400\" height=\"400\" src=\"https:\/\/www.sergiojuan.es\/wp-content\/uploads\/2025\/08\/linkedin-personal-profile.jpeg\" alt=\"Sergio Juan, formador, coach y consultor en Inteligencia Artificial, RRHH, soft skills y habilidades blandas en Zaragoza y Espa\u00f1a\" class=\"wp-image-2459\" style=\"border-style:none;border-width:0px;border-radius:19px;aspect-ratio:4\/3;object-fit:cover\" srcset=\"https:\/\/www.sergiojuan.es\/wp-content\/uploads\/2025\/08\/linkedin-personal-profile.jpeg 400w, https:\/\/www.sergiojuan.es\/wp-content\/uploads\/2025\/08\/linkedin-personal-profile-300x300.jpeg 300w, https:\/\/www.sergiojuan.es\/wp-content\/uploads\/2025\/08\/linkedin-personal-profile-150x150.jpeg 150w\" sizes=\"auto, (max-width: 400px) 100vw, 400px\" \/><\/figure>\n<\/div><\/div>\n<\/div>\n\n\n\n<h2 class=\"wp-block-heading has-text-align-left\" style=\"margin-top:-20px;margin-right:0rem;margin-bottom:-20px;margin-left:0rem;font-size:20px\">Creo en un futuro donde lo humano y lo tecnol\u00f3gico se potencian, no se excluyen.<br>Por eso acompa\u00f1o a empresas y profesionales a transformar su forma de trabajar, integrando inteligencia artificial, habilidades blandas y recursos humanos con sentido, prop\u00f3sito\u2026 y alma. Desde Zaragoza, trabajo con personas y organizaciones de toda Espa\u00f1a que quieren avanzar, adaptarse y crecer.<br>Lo hago combinando formaci\u00f3n pr\u00e1ctica, acompa\u00f1amiento real y soluciones estrat\u00e9gicas para aplicar la tecnolog\u00eda con criterio y desarrollar el talento con impacto.<\/h2>\n\n\n\n<h2 class=\"wp-block-heading has-text-align-left\" style=\"margin-top:12px;margin-right:0rem;margin-bottom:12px;margin-left:0rem;font-size:25px\"><strong>Con\u00f3ceme mejor<\/strong><\/h2>\n\n\n\n<h2 class=\"wp-block-heading has--font-size\" style=\"border-radius:0px;margin-top:-30px;margin-right:0px;margin-bottom:-30px;margin-left:0px;font-size:20px\">A veces no eliges el camino\u2026<br>pero eliges qu\u00e9 haces con lo que encuentras.<br>De la ingenier\u00eda al desarrollo humano. De los RRHH al coaching.<br>De la inteligencia emocional a la inteligencia artificial.<br>Hoy acompa\u00f1o a profesionales y empresas a crecer, desde dentro.<\/h2>\n\n\n\n<p><\/p>\n\n\n\n<h6 class=\"wp-block-heading has-text-align-left has-theme-palette-2-color has-text-color has-link-color wp-elements-ba6c36de7dca5739593431e8ec267453\" style=\"margin-top:-35px;margin-right:0;margin-bottom:-35px;margin-left:0;font-size:25px;text-transform:none\">Si quieres saber c\u00f3mo llegu\u00e9 hasta aqu\u00ed, este v\u00eddeo te lo cuenta mejor que mil palabras.<\/h6>\n\n\n<style>.kb-row-layout-id6_1536d9-2e > .kt-row-column-wrap{align-content:start;}:where(.kb-row-layout-id6_1536d9-2e > .kt-row-column-wrap) > .wp-block-kadence-column{justify-content:start;}.kb-row-layout-id6_1536d9-2e > .kt-row-column-wrap{column-gap:var(--global-kb-gap-none, 0rem );row-gap:var(--global-kb-gap-md, 2rem);padding-top:0px;padding-bottom:0px;grid-template-columns:minmax(0, calc(90% - ((var(--global-kb-gap-none, 0rem ) * 1 )\/2)))minmax(0, calc(10% - ((var(--global-kb-gap-none, 0rem ) * 1 )\/2)));}.kb-row-layout-id6_1536d9-2e > .kt-row-layout-overlay{opacity:0.30;}@media all and (max-width: 1024px){.kb-row-layout-id6_1536d9-2e > .kt-row-column-wrap{padding-top:0px;padding-right:0px;padding-bottom:40px;padding-left:0px;grid-template-columns:minmax(0, 1fr);}}@media all and (max-width: 767px){.kb-row-layout-id6_1536d9-2e > .kt-row-column-wrap{padding-bottom:0px;grid-template-columns:minmax(0, 1fr);}}<\/style><div class=\"kb-row-layout-wrap kb-row-layout-id6_1536d9-2e alignnone wp-block-kadence-rowlayout\"><div class=\"kt-row-column-wrap kt-has-2-columns kt-row-layout-right-golden kt-tab-layout-row kt-mobile-layout-row kt-row-valign-top\">\n<style>.kadence-column6_80e120-71 > .kt-inside-inner-col,.kadence-column6_80e120-71 > .kt-inside-inner-col:before{border-top-left-radius:0px;border-top-right-radius:0px;border-bottom-right-radius:0px;border-bottom-left-radius:0px;}.kadence-column6_80e120-71 > .kt-inside-inner-col{column-gap:var(--global-kb-gap-sm, 1rem);}.kadence-column6_80e120-71 > .kt-inside-inner-col{flex-direction:column;}.kadence-column6_80e120-71 > .kt-inside-inner-col > .aligncenter{width:100%;}.kadence-column6_80e120-71 > .kt-inside-inner-col:before{opacity:0.3;}.kadence-column6_80e120-71{position:relative;}@media all and (max-width: 1024px){.kadence-column6_80e120-71 > .kt-inside-inner-col{flex-direction:column;justify-content:center;}}@media all and (max-width: 767px){.kadence-column6_80e120-71 > .kt-inside-inner-col{flex-direction:column;justify-content:center;}}<\/style>\n<div class=\"wp-block-kadence-column kadence-column6_80e120-71\"><div class=\"kt-inside-inner-col\"><\/div><\/div>\n\n\n<style>.kadence-column6_4cda00-33 > .kt-inside-inner-col,.kadence-column6_4cda00-33 > .kt-inside-inner-col:before{border-top-left-radius:0px;border-top-right-radius:0px;border-bottom-right-radius:0px;border-bottom-left-radius:0px;}.kadence-column6_4cda00-33 > .kt-inside-inner-col{column-gap:var(--global-kb-gap-sm, 1rem);}.kadence-column6_4cda00-33 > .kt-inside-inner-col{flex-direction:column;}.kadence-column6_4cda00-33 > .kt-inside-inner-col > .aligncenter{width:100%;}.kadence-column6_4cda00-33 > .kt-inside-inner-col:before{opacity:0.3;}.kadence-column6_4cda00-33{position:relative;}@media all and (max-width: 1024px){.kadence-column6_4cda00-33 > .kt-inside-inner-col{flex-direction:column;justify-content:center;}}@media all and (max-width: 767px){.kadence-column6_4cda00-33 > .kt-inside-inner-col{flex-direction:column;justify-content:center;}}<\/style>\n<div class=\"wp-block-kadence-column kadence-column6_4cda00-33\"><div class=\"kt-inside-inner-col\"><\/div><\/div>\n\n<\/div><\/div>\n\n\n<figure style=\"margin-top:0px;margin-right:0px;margin-bottom:0px;margin-left:0px\" class=\"wp-block-video\"><video height=\"1080\" style=\"aspect-ratio: 1920 \/ 1080;\" width=\"1920\" autoplay controls muted preload=\"auto\" src=\"https:\/\/www.sergiojuan.es\/wp-content\/uploads\/2025\/06\/De-ingeniero-a-coach-de-RRHH-a-la-IA.-Mi-viaje-3.mp4\"><\/video><\/figure>\n\n\n<style>.kadence-column6_8fc454-92 > .kt-inside-inner-col,.kadence-column6_8fc454-92 > .kt-inside-inner-col:before{border-top-left-radius:0px;border-top-right-radius:0px;border-bottom-right-radius:0px;border-bottom-left-radius:0px;}.kadence-column6_8fc454-92 > .kt-inside-inner-col{column-gap:var(--global-kb-gap-sm, 1rem);}.kadence-column6_8fc454-92 > .kt-inside-inner-col{flex-direction:column;}.kadence-column6_8fc454-92 > .kt-inside-inner-col > .aligncenter{width:100%;}.kadence-column6_8fc454-92 > .kt-inside-inner-col:before{opacity:0.3;}.kadence-column6_8fc454-92{position:relative;}@media all and (max-width: 1024px){.kadence-column6_8fc454-92 > .kt-inside-inner-col{flex-direction:column;justify-content:center;}}@media all and (max-width: 767px){.kadence-column6_8fc454-92 > .kt-inside-inner-col{flex-direction:column;justify-content:center;}}<\/style>\n<div class=\"wp-block-kadence-column kadence-column6_8fc454-92\"><div class=\"kt-inside-inner-col\"><\/div><\/div>\n<\/div><\/div>\n\n<\/div><\/div>\n\n<style>.kadence-column6_bbca79-ef > .kt-inside-inner-col,.kadence-column6_bbca79-ef > .kt-inside-inner-col:before{border-top-left-radius:0px;border-top-right-radius:0px;border-bottom-right-radius:0px;border-bottom-left-radius:0px;}.kadence-column6_bbca79-ef > .kt-inside-inner-col{column-gap:var(--global-kb-gap-sm, 1rem);}.kadence-column6_bbca79-ef > .kt-inside-inner-col{flex-direction:column;}.kadence-column6_bbca79-ef > .kt-inside-inner-col > .aligncenter{width:100%;}.kadence-column6_bbca79-ef > .kt-inside-inner-col:before{opacity:0.3;}.kadence-column6_bbca79-ef{position:relative;}@media all and (max-width: 1024px){.kadence-column6_bbca79-ef > .kt-inside-inner-col{flex-direction:column;justify-content:center;}}@media all and (max-width: 767px){.kadence-column6_bbca79-ef > .kt-inside-inner-col{flex-direction:column;justify-content:center;}}<\/style>\n<div class=\"wp-block-kadence-column kadence-column6_bbca79-ef\"><div class=\"kt-inside-inner-col\"><style>.kadence-column6_c00047-a1 > .kt-inside-inner-col,.kadence-column6_c00047-a1 > .kt-inside-inner-col:before{border-top-left-radius:0px;border-top-right-radius:0px;border-bottom-right-radius:0px;border-bottom-left-radius:0px;}.kadence-column6_c00047-a1 > .kt-inside-inner-col{column-gap:var(--global-kb-gap-sm, 1rem);}.kadence-column6_c00047-a1 > .kt-inside-inner-col{flex-direction:column;}.kadence-column6_c00047-a1 > .kt-inside-inner-col > .aligncenter{width:100%;}.kadence-column6_c00047-a1 > .kt-inside-inner-col:before{opacity:0.3;}.kadence-column6_c00047-a1{position:relative;}@media all and (max-width: 1024px){.kadence-column6_c00047-a1 > .kt-inside-inner-col{flex-direction:column;justify-content:center;}}@media all and (max-width: 767px){.kadence-column6_c00047-a1 > .kt-inside-inner-col{flex-direction:column;justify-content:center;}}<\/style>\n<div class=\"wp-block-kadence-column kadence-column6_c00047-a1\"><div class=\"kt-inside-inner-col\"><\/div><\/div>\n<\/div><\/div>\n\n\n<style>.kadence-column6_7d4cc6-5e > .kt-inside-inner-col,.kadence-column6_7d4cc6-5e > .kt-inside-inner-col:before{border-top-left-radius:0px;border-top-right-radius:0px;border-bottom-right-radius:0px;border-bottom-left-radius:0px;}.kadence-column6_7d4cc6-5e > .kt-inside-inner-col{column-gap:var(--global-kb-gap-sm, 1rem);}.kadence-column6_7d4cc6-5e > .kt-inside-inner-col{flex-direction:column;}.kadence-column6_7d4cc6-5e > .kt-inside-inner-col > .aligncenter{width:100%;}.kadence-column6_7d4cc6-5e > .kt-inside-inner-col:before{opacity:0.3;}.kadence-column6_7d4cc6-5e{position:relative;}@media all and (max-width: 1024px){.kadence-column6_7d4cc6-5e > .kt-inside-inner-col{flex-direction:column;justify-content:center;}}@media all and (max-width: 767px){.kadence-column6_7d4cc6-5e > .kt-inside-inner-col{flex-direction:column;justify-content:center;}}<\/style>\n<div class=\"wp-block-kadence-column kadence-column6_7d4cc6-5e\"><div class=\"kt-inside-inner-col\"><\/div><\/div>\n\n\n\n<p><\/p>\n","protected":false},"excerpt":{"rendered":"<p>Formador en Inteligencia Artificial, Soft Skills y RRHH en Zaragoza y Espa\u00f1a. Consultor y coach profesional para empresas, equipos y personas que buscan avanzar uniendo tecnolog\u00eda, talento y prop\u00f3sito. Creo en un futuro donde lo humano y lo tecnol\u00f3gico se potencian, no se excluyen.Por eso acompa\u00f1o a empresas y profesionales a transformar su forma de&#8230;<\/p>\n","protected":false},"author":1,"featured_media":0,"parent":0,"menu_order":0,"comment_status":"closed","ping_status":"closed","template":"","meta":{"_kadence_starter_templates_imported_post":true,"_kad_post_transparent":"disable","_kad_post_title":"hide","_kad_post_layout":"fullwidth","_kad_post_sidebar_id":"","_kad_post_content_style":"unboxed","_kad_post_vertical_padding":"bottom","_kad_post_feature":"hide","_kad_post_feature_position":"","_kad_post_header":false,"_kad_post_footer":false,"footnotes":""},"class_list":["post-6","page","type-page","status-publish","hentry"],"_links":{"self":[{"href":"https:\/\/www.sergiojuan.es\/index.php?rest_route=\/wp\/v2\/pages\/6","targetHints":{"allow":["GET"]}}],"collection":[{"href":"https:\/\/www.sergiojuan.es\/index.php?rest_route=\/wp\/v2\/pages"}],"about":[{"href":"https:\/\/www.sergiojuan.es\/index.php?rest_route=\/wp\/v2\/types\/page"}],"author":[{"embeddable":true,"href":"https:\/\/www.sergiojuan.es\/index.php?rest_route=\/wp\/v2\/users\/1"}],"replies":[{"embeddable":true,"href":"https:\/\/www.sergiojuan.es\/index.php?rest_route=%2Fwp%2Fv2%2Fcomments&post=6"}],"version-history":[{"count":486,"href":"https:\/\/www.sergiojuan.es\/index.php?rest_route=\/wp\/v2\/pages\/6\/revisions"}],"predecessor-version":[{"id":2553,"href":"https:\/\/www.sergiojuan.es\/index.php?rest_route=\/wp\/v2\/pages\/6\/revisions\/2553"}],"wp:attachment":[{"href":"https:\/\/www.sergiojuan.es\/index.php?rest_route=%2Fwp%2Fv2%2Fmedia&parent=6"}],"curies":[{"name":"wp","href":"https:\/\/api.w.org\/{rel}","templated":true}]}}